{"id":14,"date":"2022-10-17T07:04:20","date_gmt":"2022-10-17T07:04:20","guid":{"rendered":"https:\/\/asc-cakovec.eu\/index.php\/home\/"},"modified":"2022-10-17T07:38:32","modified_gmt":"2022-10-17T07:38:32","slug":"home","status":"publish","type":"page","link":"https:\/\/asc-cakovec.eu\/","title":{"rendered":"ASC \u010cakovec"},"content":{"rendered":"\n<div style=\"height:111px\" aria-hidden=\"true\" class=\"wp-block-spacer\"><\/div>\n\n\n<div class=\"aligncenter wp-block-site-logo\"><a href=\"https:\/\/asc-cakovec.eu\/\" class=\"custom-logo-link\" rel=\"home\"><img loading=\"lazy\" decoding=\"async\" width=\"259\" height=\"157\" src=\"https:\/\/asc-cakovec.eu\/wp-content\/uploads\/2022\/10\/asc-logo-cakovec_1.png\" class=\"custom-logo\" alt=\"ASC \u010cakovec\" srcset=\"https:\/\/asc-cakovec.eu\/wp-content\/uploads\/2022\/10\/asc-logo-cakovec_1.png 938w, https:\/\/asc-cakovec.eu\/wp-content\/uploads\/2022\/10\/asc-logo-cakovec_1-300x182.png 300w, https:\/\/asc-cakovec.eu\/wp-content\/uploads\/2022\/10\/asc-logo-cakovec_1-768x467.png 768w\" sizes=\"auto, (max-width: 259px) 100vw, 259px\" \/><\/a><\/div>\n\n\n<div style=\"height:69px\" aria-hidden=\"true\" class=\"wp-block-spacer\"><\/div>\n\n\n\n<p style=\"color:#fff;padding:10px;font-size:2em;line-height:1.4em;text-align:center;\">ASC \u010cakovec<br>Info 098 968 7288<\/p>\n<p style=\"color:#fff;padding:10px;font-size:2em;line-height:1.4em;text-align:center;\">ASC Tur\u010di\u0161\u0107e<br>Info 098 1914 721<\/p>\n","protected":false},"excerpt":{"rendered":"<p>ASC \u010cakovecInfo 098 968 7288 ASC Tur\u010di\u0161\u0107eInfo 098 1914 721<\/p>\n","protected":false},"author":1,"featured_media":0,"parent":0,"menu_order":0,"comment_status":"closed","ping_status":"closed","template":"","meta":{"neve_meta_sidebar":"full-width","neve_meta_container":"contained","neve_meta_enable_content_width":"on","neve_meta_content_width":100,"neve_meta_title_alignment":"left","neve_meta_author_avatar":"","neve_post_elements_order":"","neve_meta_disable_header":"on","neve_meta_disable_footer":"on","neve_meta_disable_title":"on","_ti_tpc_template_sync":false,"_ti_tpc_template_id":"","footnotes":""},"class_list":["post-14","page","type-page","status-publish","hentry"],"_links":{"self":[{"href":"https:\/\/asc-cakovec.eu\/index.php\/wp-json\/wp\/v2\/pages\/14","targetHints":{"allow":["GET"]}}],"collection":[{"href":"https:\/\/asc-cakovec.eu\/index.php\/wp-json\/wp\/v2\/pages"}],"about":[{"href":"https:\/\/asc-cakovec.eu\/index.php\/wp-json\/wp\/v2\/types\/page"}],"author":[{"embeddable":true,"href":"https:\/\/asc-cakovec.eu\/index.php\/wp-json\/wp\/v2\/users\/1"}],"replies":[{"embeddable":true,"href":"https:\/\/asc-cakovec.eu\/index.php\/wp-json\/wp\/v2\/comments?post=14"}],"version-history":[{"count":12,"href":"https:\/\/asc-cakovec.eu\/index.php\/wp-json\/wp\/v2\/pages\/14\/revisions"}],"predecessor-version":[{"id":52,"href":"https:\/\/asc-cakovec.eu\/index.php\/wp-json\/wp\/v2\/pages\/14\/revisions\/52"}],"wp:attachment":[{"href":"https:\/\/asc-cakovec.eu\/index.php\/wp-json\/wp\/v2\/media?parent=14"}],"curies":[{"name":"wp","href":"https:\/\/api.w.org\/{rel}","templated":true}]}}